{"id":720,"date":"2026-03-26T19:59:06","date_gmt":"2026-03-26T18:59:06","guid":{"rendered":"https:\/\/ems-master.pl\/schedule-a-test\/"},"modified":"2026-04-06T10:21:39","modified_gmt":"2026-04-06T08:21:39","slug":"schedule-a-test","status":"publish","type":"page","link":"https:\/\/ems-master.pl\/en\/schedule-a-test\/","title":{"rendered":"Schedule a test"},"content":{"rendered":"<section id=\"hero\" class=\"c_hero bg-dark-0 h-[72px] sm:h-[141px]\"><\/section>\n\n\n<section id=\"umow-testy\" class=\"c_calendary-test py-[40px] sm:py-[64px]\" data-recaptcha-observe data-recaptcha-sitekey=\"6LenUbwsAAAAAG8D1L9mfSLwLQHIn9zGFFHMQ7Tl\" data-recaptcha-action=\"contactform\">\n    <div class=\"container mx-auto\">\n      <div class=\"flex items-start justify-between w-full flex-col sm:flex-row gap-[40px] sm:gap-0\">\n        <div class=\"w-full\">\n          <div class=\"flex items-center justify-start gap-[10px] px-[10px] mb-[16px]\"><div class=\"bg-green-0 rounded-[50%] block min-w-[10px] max-w-[10px] h-[10px]\"><\/div><p class=\"text-[15px] text-dark-0 uppercase text-left m-0 p-0\">Schedule a test<\/p><\/div>          <h1 class=\"font-fira-sans font-bold text-secondary-0 italic text-[28px] sm:text-[30px] md:text-[34px] lg:text-[40px] xl:text-[50px] 2xl:text-[56px] 3xl:text-[64px] text-left uppercase leading-[1.2] mb-[20px]\">Schedule a test<\/h1>                      <div class=\"c_text c_text--test text-[16px] text-left text-secondary-0 leading-[1.6] mt-[20px]\"><p>Come see and test EMS-Master equipment in action.<\/p>\n<p>We&#8217;ll advise you, demonstrate the system, and help you choose the right configuration.<\/p>\n<h3>During the test:<\/h3>\n<ul>\n<li>You&#8217;ll check the EMS system in action live,<\/li>\n<li>You&#8217;ll test the kits and app,<\/li>\n<li>You&#8217;ll talk to a technical advisor,<\/li>\n<li>You&#8217;ll receive a kit recommendation,<\/li>\n<li>You&#8217;ll learn about implementation costs and options.<\/li>\n<\/ul>\n<\/div>\n                  <\/div>\n        <div class=\"bg-light-40 rounded-l-0 sm:rounded-l-[30px] w-full px-[20px] sm:px-[48px] pt-[32px] pb-[30px] sm:pb-[56px]\">\n          <h2 class=\"font-fira-sans font-bold text-secondary-0 text-[22px] sm:text-[24px] text-left uppercase leading-[1.2]\">Arrange a visit and equipment test<\/h2>                      <div class=\"c_text c_text-margin-0 text-[14px] text-left text-secondary-10 leading-[1.6] mt-[10px]\"><p>Leave your details and we&#8217;ll contact you to schedule a convenient appointment and testing date.<\/p>\n<p>We&#8217;ll usually return your call within 1 business day.<\/p>\n<\/div>\n                                <div class=\"mt-[20px]\">\n                                              \n<div class=\"wpcf7 no-js\" id=\"wpcf7-f413-o1\" lang=\"pl-PL\" dir=\"ltr\" data-wpcf7-id=\"413\">\n<div class=\"screen-reader-response\"><p role=\"status\" aria-live=\"polite\" aria-atomic=\"true\"><\/p> <ul><\/ul><\/div>\n<form action=\"\/en\/wp-json\/wp\/v2\/pages\/720#wpcf7-f413-o1\" method=\"post\" class=\"wpcf7-form init wpcf7-acceptance-as-validation\" aria-label=\"Formularz kontaktowy\" novalidate=\"novalidate\" data-status=\"init\">\n<fieldset class=\"hidden-fields-container\"><input type=\"hidden\" name=\"_wpcf7\" value=\"413\" \/><input type=\"hidden\" name=\"_wpcf7_version\" value=\"6.1.5\" \/><input type=\"hidden\" name=\"_wpcf7_locale\" value=\"pl_PL\" \/><input type=\"hidden\" name=\"_wpcf7_unit_tag\" value=\"wpcf7-f413-o1\" \/><input type=\"hidden\" name=\"_wpcf7_container_post\" value=\"0\" \/><input type=\"hidden\" name=\"_wpcf7_posted_data_hash\" value=\"\" \/>\n<\/fieldset>\n<div class=\"c_form\">\n  <div class=\"c_form__row\">\n     <div class=\"c_form__row_col\">\n        <p>Firma \/ imi\u0119 nazwisko*:<\/p>\n        <span class=\"wpcf7-form-control-wrap\" data-name=\"your-name\"><input size=\"40\" maxlength=\"400\" class=\"wpcf7-form-control wpcf7-text wpcf7-validates-as-required\" aria-required=\"true\" aria-invalid=\"false\" placeholder=\"Wpisz swoje Imi\u0119 lub nazw\u0119 firmy\" value=\"\" type=\"text\" name=\"your-name\" \/><\/span>\n     <\/div>\n     <div class=\"c_form__row_col\">\n        <p>Adres Email*:<\/p>\n        <span class=\"wpcf7-form-control-wrap\" data-name=\"your-email\"><input size=\"40\" maxlength=\"400\" class=\"wpcf7-form-control wpcf7-email wpcf7-validates-as-required wpcf7-text wpcf7-validates-as-email\" aria-required=\"true\" aria-invalid=\"false\" placeholder=\"Wpisz sw\u00f3j adres\" value=\"\" type=\"email\" name=\"your-email\" \/><\/span>\n     <\/div>\n  <\/div>\n  <div class=\"c_form__row\">\n     <div class=\"c_form__row_col\">\n        <p>Telefon*:<\/p>\n        <span class=\"wpcf7-form-control-wrap\" data-name=\"phone\"><input size=\"40\" maxlength=\"400\" class=\"wpcf7-form-control wpcf7-tel wpcf7-validates-as-required wpcf7-text wpcf7-validates-as-tel\" aria-required=\"true\" aria-invalid=\"false\" placeholder=\"Wpisz sw\u00f3j nr kontaktowy\" value=\"\" type=\"tel\" name=\"phone\" \/><\/span>\n     <\/div>\n     <div class=\"c_form__row_col\">\n        <p>Preferowany termin przyjazdu*:<\/p>\n        <span class=\"wpcf7-form-control-wrap\" data-name=\"data\"><input class=\"wpcf7-form-control wpcf7-date wpcf7-validates-as-required wpcf7-validates-as-date\" aria-required=\"true\" aria-invalid=\"false\" value=\"\" type=\"date\" name=\"data\" \/><\/span>\n     <\/div>\n  <\/div>\n  <div class=\"c_form__row\">\n     <div class=\"c_form__row_col\">\n        <p>Miejscowo\u015b\u0107*:<\/p>\n        <span class=\"wpcf7-form-control-wrap\" data-name=\"city\"><input size=\"40\" maxlength=\"400\" class=\"wpcf7-form-control wpcf7-text wpcf7-validates-as-required\" aria-required=\"true\" aria-invalid=\"false\" placeholder=\"Wpisz miejscowo\u015b\u0107\" value=\"\" type=\"text\" name=\"city\" \/><\/span>\n     <\/div>\n     <div class=\"c_form__row_col\">\n        <p>Jaki sprz\u0119t Ci\u0119 interesuje?\u00a0*:<\/p>\n       <span class=\"wpcf7-form-control-wrap\" data-name=\"item\"><select class=\"wpcf7-form-control wpcf7-select wpcf7-validates-as-required\" aria-required=\"true\" aria-invalid=\"false\" name=\"item\"><option value=\"EMS dla Studia\">EMS dla Studia<\/option><option value=\"System do Domu\">System do Domu<\/option><option value=\"System do Beauty\">System do Beauty<\/option><\/select><\/span>\n     <\/div>\n  <\/div>\n  <div class=\"c_form__row\">\n     <div class=\"c_form__row_col\">\n        <p>Dodatkowe informacje:<\/p>\n        <span class=\"wpcf7-form-control-wrap\" data-name=\"your-message\"><textarea cols=\"40\" rows=\"10\" maxlength=\"2000\" class=\"wpcf7-form-control wpcf7-textarea\" aria-invalid=\"false\" placeholder=\"Wpisz dodatkowe informacje\" name=\"your-message\"><\/textarea><\/span>\n     <\/div>\n  <\/div>\n  <div class=\"c_form__rules\"><span class=\"wpcf7-form-control-wrap\" data-name=\"akceptuje-polityka-prywatnosci\"><span class=\"wpcf7-form-control wpcf7-acceptance\"><span class=\"wpcf7-list-item\"><label><input type=\"checkbox\" name=\"akceptuje-polityka-prywatnosci\" value=\"1\" aria-invalid=\"false\" \/><span class=\"wpcf7-list-item-label\">Wyra\u017cam zgod\u0119 na przetwarzanie moich danych osobowych oraz akceptuj\u0119 <a href=\"\/polityka-prywatnosci\/\">polityk\u0119 prywatno\u015bci.<\/a><\/span><\/label><\/span><\/span><\/span><\/div>\n  <div class=\"c_form__button c_form__button-full\"><input class=\"wpcf7-form-control wpcf7-submit has-spinner\" type=\"submit\" value=\"Um\u00f3w test i rozmow\u0119\" \/><\/div>\n<\/div><div class=\"wpcf7-response-output\" aria-hidden=\"true\"><\/div>\n<\/form>\n<\/div>\n\n                          <\/div>\n                  <\/div>\n      <\/div>\n    <\/div>\n  <\/section>\n","protected":false},"excerpt":{"rendered":"","protected":false},"author":4,"featured_media":0,"parent":0,"menu_order":0,"comment_status":"closed","ping_status":"closed","template":"","meta":{"inline_featured_image":false,"footnotes":""},"class_list":["post-720","page","type-page","status-publish","hentry"],"acf":[],"jetpack_sharing_enabled":true,"_links":{"self":[{"href":"https:\/\/ems-master.pl\/en\/wp-json\/wp\/v2\/pages\/720","targetHints":{"allow":["GET"]}}],"collection":[{"href":"https:\/\/ems-master.pl\/en\/wp-json\/wp\/v2\/pages"}],"about":[{"href":"https:\/\/ems-master.pl\/en\/wp-json\/wp\/v2\/types\/page"}],"author":[{"embeddable":true,"href":"https:\/\/ems-master.pl\/en\/wp-json\/wp\/v2\/users\/4"}],"replies":[{"embeddable":true,"href":"https:\/\/ems-master.pl\/en\/wp-json\/wp\/v2\/comments?post=720"}],"version-history":[{"count":3,"href":"https:\/\/ems-master.pl\/en\/wp-json\/wp\/v2\/pages\/720\/revisions"}],"predecessor-version":[{"id":796,"href":"https:\/\/ems-master.pl\/en\/wp-json\/wp\/v2\/pages\/720\/revisions\/796"}],"wp:attachment":[{"href":"https:\/\/ems-master.pl\/en\/wp-json\/wp\/v2\/media?parent=720"}],"curies":[{"name":"wp","href":"https:\/\/api.w.org\/{rel}","templated":true}]}}