{"id":778,"date":"2026-04-01T14:57:39","date_gmt":"2026-04-01T12:57:39","guid":{"rendered":"https:\/\/ems-master.pl\/produkt\/beauty-system\/"},"modified":"2026-04-11T11:09:21","modified_gmt":"2026-04-11T09:09:21","slug":"beauty-system","status":"publish","type":"product","link":"https:\/\/ems-master.pl\/en\/product\/beauty-system\/","title":{"rendered":"BEAUTY SYSTEM"},"content":{"rendered":"<p>Praktyczne szkolenie dla gabinet\u00f3w kosmetologii, modelowania sylwetki i wellness. Nauczysz si\u0119 prowadzi\u0107 bezpieczne, skuteczne zabiegi EMS nastawione na uj\u0119drnianie, modelowanie i regeneracj\u0119.<\/p>\n","protected":false},"excerpt":{"rendered":"<ul>\n<li><strong>Zapewniamy szkolenie w cenie zestawu.<\/strong><\/li>\n<li>Cena zawiera koszt jednego 1 tabletu (Samsung Galaxy TAB A8 &#8211; 10,5 cal)<\/li>\n<li>Aplikacja EMS-Master | Android | iOS<\/li>\n<li>Gwarancja: na stroje: 6 miesi\u0119cy | na konektor: 12 miesi\u0119cy<\/li>\n<li>Czas realizacji zam\u00f3wienia: 24 h<\/li>\n<\/ul>\n","protected":false},"featured_media":698,"comment_status":"open","ping_status":"closed","template":"","meta":{"inline_featured_image":false},"product_brand":[],"product_cat":[46],"product_tag":[],"class_list":{"0":"post-778","1":"product","2":"type-product","3":"status-publish","4":"has-post-thumbnail","6":"product_cat-bez-kategorii-en","8":"first","9":"instock","10":"taxable","11":"shipping-taxable","12":"purchasable","13":"product-type-variable"},"acf":[],"jetpack_sharing_enabled":true,"_links":{"self":[{"href":"https:\/\/ems-master.pl\/en\/wp-json\/wp\/v2\/product\/778","targetHints":{"allow":["GET"]}}],"collection":[{"href":"https:\/\/ems-master.pl\/en\/wp-json\/wp\/v2\/product"}],"about":[{"href":"https:\/\/ems-master.pl\/en\/wp-json\/wp\/v2\/types\/product"}],"replies":[{"embeddable":true,"href":"https:\/\/ems-master.pl\/en\/wp-json\/wp\/v2\/comments?post=778"}],"wp:featuredmedia":[{"embeddable":true,"href":"https:\/\/ems-master.pl\/en\/wp-json\/wp\/v2\/media\/698"}],"wp:attachment":[{"href":"https:\/\/ems-master.pl\/en\/wp-json\/wp\/v2\/media?parent=778"}],"wp:term":[{"taxonomy":"product_brand","embeddable":true,"href":"https:\/\/ems-master.pl\/en\/wp-json\/wp\/v2\/product_brand?post=778"},{"taxonomy":"product_cat","embeddable":true,"href":"https:\/\/ems-master.pl\/en\/wp-json\/wp\/v2\/product_cat?post=778"},{"taxonomy":"product_tag","embeddable":true,"href":"https:\/\/ems-master.pl\/en\/wp-json\/wp\/v2\/product_tag?post=778"}],"curies":[{"name":"wp","href":"https:\/\/api.w.org\/{rel}","templated":true}]}}