{"id":781,"date":"2026-04-01T13:42:11","date_gmt":"2026-04-01T11:42:11","guid":{"rendered":"https:\/\/ems-master.pl\/produkt\/ems-system-for-home\/"},"modified":"2026-04-18T19:49:56","modified_gmt":"2026-04-18T17:49:56","slug":"ems-system-for-home","status":"publish","type":"product","link":"https:\/\/ems-master.pl\/en\/product\/ems-system-for-home\/","title":{"rendered":"EMS SYSTEM FOR HOME"},"content":{"rendered":"<p>Praktyczne szkolenie dla gabinet\u00f3w kosmetologii, modelowania sylwetki i wellness. Nauczysz si\u0119 prowadzi\u0107 bezpieczne, skuteczne zabiegi EMS nastawione na uj\u0119drnianie, modelowanie i regeneracj\u0119.<\/p>\n","protected":false},"excerpt":{"rendered":"<ul>\n<li>Dost\u0119p do platformy z \u0107wiczeniami oraz instrukcjami<\/li>\n<li>Aplikacja EMS-Master | Android | iOS<\/li>\n<li>Gwarancja: 12 miesi\u0119cy<\/li>\n<li>Czas realizacji zam\u00f3wienia: 24h<\/li>\n<\/ul>\n","protected":false},"featured_media":684,"comment_status":"open","ping_status":"closed","template":"","meta":{"inline_featured_image":false},"product_brand":[],"product_cat":[46],"product_tag":[],"class_list":{"0":"post-781","1":"product","2":"type-product","3":"status-publish","4":"has-post-thumbnail","6":"product_cat-bez-kategorii-en","8":"first","9":"instock","10":"taxable","11":"shipping-taxable","12":"purchasable","13":"product-type-variable"},"acf":[],"jetpack_sharing_enabled":true,"_links":{"self":[{"href":"https:\/\/ems-master.pl\/en\/wp-json\/wp\/v2\/product\/781","targetHints":{"allow":["GET"]}}],"collection":[{"href":"https:\/\/ems-master.pl\/en\/wp-json\/wp\/v2\/product"}],"about":[{"href":"https:\/\/ems-master.pl\/en\/wp-json\/wp\/v2\/types\/product"}],"replies":[{"embeddable":true,"href":"https:\/\/ems-master.pl\/en\/wp-json\/wp\/v2\/comments?post=781"}],"wp:featuredmedia":[{"embeddable":true,"href":"https:\/\/ems-master.pl\/en\/wp-json\/wp\/v2\/media\/684"}],"wp:attachment":[{"href":"https:\/\/ems-master.pl\/en\/wp-json\/wp\/v2\/media?parent=781"}],"wp:term":[{"taxonomy":"product_brand","embeddable":true,"href":"https:\/\/ems-master.pl\/en\/wp-json\/wp\/v2\/product_brand?post=781"},{"taxonomy":"product_cat","embeddable":true,"href":"https:\/\/ems-master.pl\/en\/wp-json\/wp\/v2\/product_cat?post=781"},{"taxonomy":"product_tag","embeddable":true,"href":"https:\/\/ems-master.pl\/en\/wp-json\/wp\/v2\/product_tag?post=781"}],"curies":[{"name":"wp","href":"https:\/\/api.w.org\/{rel}","templated":true}]}}